{"id":6240,"date":"2025-12-14T17:02:40","date_gmt":"2025-12-14T16:02:40","guid":{"rendered":"https:\/\/ekodeks.com.pl\/sklep\/?post_type=product&#038;p=6240"},"modified":"2025-12-20T16:05:09","modified_gmt":"2025-12-20T15:05:09","slug":"pietnascie-malo-znanych-koled-w-latwym-ukladzie-na-chor-mieszany-op-46-b","status":"publish","type":"product","link":"https:\/\/ekodeks.com.pl\/sklep\/produkt\/pietnascie-malo-znanych-koled-w-latwym-ukladzie-na-chor-mieszany-op-46-b\/","title":{"rendered":"Pi\u0119tna\u015bcie ma\u0142o znanych kol\u0119d w \u0142atwym uk\u0142adzie na ch\u00f3r mieszany Op. 46 B"},"content":{"rendered":"<p><strong>Egzemplarz w przesz\u0142o\u015bci nale\u017ca\u0142 do organist\u00f3w o czym \u015bwiadcz\u0105 wpisy na stronie 1 (wcze\u015bniejsza piecz\u0119\u0107 skre\u015blona i ze \u015bladami zaklejenia, oraz p\u00f3\u017aniejszy podpis o\u0142\u00f3wkiem obok piecz\u0119ci). Wewn\u0105trz niewielkie miejscowe zaznaczenia tekstu i w jednym przypadku dopisek (przy kol\u0119dzie 13).<\/strong><\/p>\n<p><strong>Jak wida\u0107 z nieco zamazanej (zaklejanej) piecz\u0119ci na stronie pierwszej, egzemplarz nale\u017ca\u0142 do znanego w historii organisty z miejscowo\u015bci Osiek na Pomorzu.<\/strong><\/p>\n<p><strong>W\u0142a\u015bciwa tre\u015b\u0107 piecz\u0119ci:<\/strong><\/p>\n<p><strong>Dominik Czaplewski<\/strong><br \/>\n<strong>organista<\/strong><br \/>\n<strong>OSIEK, powiat starogardzki<\/strong><br \/>\n<strong>(Pomorze)<\/strong><\/p>\n<p><strong>.<\/strong><\/p>\n<p><strong>Ks. Antoni Chlondowski (Autor opracowania) to w\u0142a\u015bciwie ks. Antoni Hlond &#8211; salezjanin (SDB) i kompozytor (zmieni\u0142 nazwisko, aby nie kojarzono go z bratem, kardyna\u0142em Augustem Hlondem, prymasem Polski). Urodzi\u0142 si\u0119 13 czerwca 1884 r. w Kosztowach na G\u00f3rnym \u015al\u0105sku, zmar\u0142 13 maja 1962 r. w Warszawie. Rodzonymi bra\u0107mi Antoniego Hlonda byli Ignacy i August, obaj salezjanie; August by\u0142 prymasem Polski.<\/strong><\/p>\n<p><strong>Antoni studiowa\u0142 filozofi\u0119 i teologi\u0119 we W\u0142oszech w Lombriasco i na Uniwersytecie Gregoria\u0144skim w Rzymie, a tak\u017ce w Radnej w S\u0142owenii i w Ratyzbonie. Od dziecka przejawia\u0142 zdolno\u015bci muzyczne. Od 1904 r. ukazywa\u0142y si\u0119 drukiem jego kompozycje muzyczne. W latach 1903-1907 uczy\u0142 muzyki i kierowa\u0142 ch\u00f3rem w O\u015bwi\u0119cimiu. Nast\u0119pnie w Przemy\u015blu za\u0142o\u017cy\u0142 szko\u0142\u0119 organistowsk\u0105. Jego dorobek kompozytorski, obejmuj\u0105cy pie\u015bni liturgiczne, msze i preludia, stanowi blisko 4000 utwor\u00f3w. By\u0142 przedstawicielem cecylianizmu w muzyce. W latach 1925-1930 by\u0142 prowincja\u0142em swojej macierzystej prowincji zakonnej.<\/strong><\/p>\n<p><strong>.<\/strong><\/p>\n<p><strong>Osiek (niem. Ossieck) \u2013 wie\u015b kociewska w Polsce po\u0142o\u017cona w wojew\u00f3dztwie pomorskim, w powiecie starogardzkim, w gminie Osiek.<\/strong><\/p>\n<p><strong>.<\/strong><\/p>\n<p><strong>Dominik Czaplewski &#8211; znany organista w ko\u015bciele w Osieku, kt\u00f3ry wraz z miejscowym proboszczem (w latach 1894-1910) ks. Janem Olszewskim, zosta\u0142 skazany na wi\u0119zienie przez w\u0142adze pruskie w sprawie strajk\u00f3w szkolnych. Dzi\u0119ki dzia\u0142alno\u015bci patriotycznej ks. Jana Olszewskiego i m. in. organisty Dominika Czaplewskiego, w pocz\u0105tkach XX wieku parafia w Osieku przekszta\u0142ci\u0142a si\u0119 w \u201ecentral\u0119 strajku szkolnego\u201d na ziemi starogardzkiej (w 1907 r.). Podczas tych wydarze\u0144 proboszcz w Osieku ks. Jan Olszewski, nie tylko duchowo wspiera\u0142 strajkuj\u0105cych, ale na kol\u0119dzie agitowa\u0142 rodzic\u00f3w by nadal walczyli o j\u0119zyk polski w nauce religii. Pomaga\u0142 mu w dzia\u0142aniach organista Dominik Czaplewski. W procesie s\u0105dowym we wrze\u015bniu 1907 r. przed Izb\u0105 Karn\u0105 pruskiego s\u0105du w Starogardzie, za pomoc i agitacj\u0119 podczas strajku szkolnego zapad\u0142y wyroki bezwzgl\u0119dnego wi\u0119zienia: dla ks. Jana Olszewskiego (1 rok i 6 miesi\u0119cy), a dla organisty z Osieka Dominika Czaplewskiego (6 miesi\u0119cy). Dominik Czaplewski by\u0142 tak\u017ce zas\u0142u\u017conym dzia\u0142aczem Banku Ludowego w Osieku za\u0142o\u017conego w grudniu 1904 r. W zarz\u0105dzie banku kt\u00f3rego pierwszym dyrektorem by\u0142 ks. Jan Olszewski, Dominik Czaplewski by\u0142 podskarbim.<\/strong><\/p>\n<p><strong>.<\/strong><\/p>\n<p><strong>Stan egzemplarza po prawie 100 latach od wydania jest widoczny na fot. (zaplamienia, zagi\u0119cia i ma\u0142e naddarcia wynikaj\u0105ce z u\u017cytkowania; grzbiet ok\u0142adki w przesz\u0142o\u015bci wzmocniony papierowym paskiem, inne uwagi wewn\u0105trz druku podano powy\u017cej).<\/strong><\/p>\n","protected":false},"excerpt":{"rendered":"<p><strong>Nak\u0142adem Salezja\u0144skiej Szko\u0142y Organist\u00f3w w Przemy\u015blu 1926<\/strong><\/p>\n<p><strong>Sk\u0142ad G\u0142\u00f3wny: Inspektorat XX. Salezjan\u00f3w Warszawa<\/strong><\/p>\n<p><strong>Druk: Salezja\u0144skie Zak\u0142ady Graficzne Warszawa<\/strong><\/p>\n<p><strong>Stron 12 (zapis nutowy z tekstem), oryginalna mi\u0119kka oprawa wydawnicza, format ok. 28 cm x 22 cm<\/strong><\/p>\n<p><strong>Publikacja posiada stosowne zezwolenia na druk w\u0142adzy biskupiej w Przemy\u015blu z 1926 r.<\/strong><\/p>\n","protected":false},"featured_media":6242,"template":"","meta":{"_acf_changed":false},"product_brand":[],"product_cat":[175,44,59,182,356,105,346,53,79,118],"product_tag":[2246,1281,1293,2252,2244,2245,1529,1346,2248,2249,2250,396,1317,440,2247,2251,964],"class_list":{"0":"post-6240","1":"product","2":"type-product","3":"status-publish","4":"has-post-thumbnail","6":"product_cat-religia","7":"product_cat-biographies-memoirs","8":"product_cat-cookbooks","9":"product_cat-modlitewniki","10":"product_cat-muzyka","11":"product_cat-mystery-thriller-suspense","12":"product_cat-religia-christian-books-bibles","13":"product_cat-christian-books-bibles","14":"product_cat-hobbies-home","15":"product_cat-safety-in-the-home","16":"product_tag-antoni-hlond","17":"product_tag-boze-narodzenie","18":"product_tag-druk","19":"product_tag-kociewie","20":"product_tag-koledy","21":"product_tag-ks-antoni-chlondowski","22":"product_tag-ksieza","23":"product_tag-muzyka","24":"product_tag-nuty","25":"product_tag-organista","26":"product_tag-osiek","27":"product_tag-polska","28":"product_tag-pomorze","29":"product_tag-przemysl","30":"product_tag-salezjanie","31":"product_tag-starogard","32":"product_tag-szkola","33":"pa_autor-ks-antoni-chlondowski","34":"pa_rok-wydania-2242","36":"first","37":"outofstock","38":"sold-individually","39":"taxable","40":"shipping-taxable","41":"purchasable","42":"product-type-simple"},"acf":[],"_links":{"self":[{"href":"https:\/\/ekodeks.com.pl\/sklep\/wp-json\/wp\/v2\/product\/6240","targetHints":{"allow":["GET"]}}],"collection":[{"href":"https:\/\/ekodeks.com.pl\/sklep\/wp-json\/wp\/v2\/product"}],"about":[{"href":"https:\/\/ekodeks.com.pl\/sklep\/wp-json\/wp\/v2\/types\/product"}],"wp:featuredmedia":[{"embeddable":true,"href":"https:\/\/ekodeks.com.pl\/sklep\/wp-json\/wp\/v2\/media\/6242"}],"wp:attachment":[{"href":"https:\/\/ekodeks.com.pl\/sklep\/wp-json\/wp\/v2\/media?parent=6240"}],"wp:term":[{"taxonomy":"product_brand","embeddable":true,"href":"https:\/\/ekodeks.com.pl\/sklep\/wp-json\/wp\/v2\/product_brand?post=6240"},{"taxonomy":"product_cat","embeddable":true,"href":"https:\/\/ekodeks.com.pl\/sklep\/wp-json\/wp\/v2\/product_cat?post=6240"},{"taxonomy":"product_tag","embeddable":true,"href":"https:\/\/ekodeks.com.pl\/sklep\/wp-json\/wp\/v2\/product_tag?post=6240"}],"curies":[{"name":"wp","href":"https:\/\/api.w.org\/{rel}","templated":true}]}}