{"id":6916,"date":"2026-03-22T12:45:22","date_gmt":"2026-03-22T11:45:22","guid":{"rendered":"https:\/\/ekodeks.com.pl\/sklep\/?post_type=product&#038;p=6916"},"modified":"2026-03-22T13:54:28","modified_gmt":"2026-03-22T12:54:28","slug":"pamiatka-piecsetnej-rocznicy-smierci-blog-jakoba-strepy-franciszkanina-arcybiskupa-lwowskiego-1409-1909-kazania-z-10-portretami-i-podobiznami","status":"publish","type":"product","link":"https:\/\/ekodeks.com.pl\/sklep\/produkt\/pamiatka-piecsetnej-rocznicy-smierci-blog-jakoba-strepy-franciszkanina-arcybiskupa-lwowskiego-1409-1909-kazania-z-10-portretami-i-podobiznami\/","title":{"rendered":"Pami\u0105tka pi\u0119\u0107setnej rocznicy \u015bmierci b\u0142og. Jak\u00f3ba Strepy franciszkanina, arcybiskupa lwowskiego 1409\u20141909. Kazania. Z 10 portretami i podobiznami"},"content":{"rendered":"<p><strong>Publikacja posiada imprimatur arcybiskupa lwowskiego J\u00f3zefa Bilczewskiego<\/strong><\/p>\n<p><strong>IMPRIMATUR<\/strong><\/p>\n<p><strong>Leopoli, die 23. Maji 1910.<\/strong><\/p>\n<p><strong>\u2020 Josephus<\/strong><\/p>\n<p><strong>Archiepiscopus<\/strong><\/p>\n<p><strong>Na wklejkach liczne podobizny \u00f3wczesnych dostojnik\u00f3w ko\u015bcielnych (jak w spisie ilustracji).<\/strong><\/p>\n<p><strong>SPIS RZECZY:<\/strong><\/p>\n<p><strong>I. Uroczysty obch\u00f3d pi\u0119\u0107setnej rocznicy \u015bmierci B\u0142og. Jak\u00f3ba Strepy, Arcybiskupa Lwowskiego<\/strong><\/p>\n<p><strong>II. List pasterski J. E. Najdostojniejszego Arcypasterza Dra J\u00d3ZEFA BILCZEWSKIEGO, Arcybiskupa Metropolity Lwowskiego o. \u0142.<\/strong><\/p>\n<p><strong>III. J. E. Najprzew. Ks. Dr. J\u00d3ZEF BILCZEWSKI, Arcybiskup Metropolita Lwowski o. \u0142. \u2014 Kazanie wst\u0119pne: \u201eZas\u0142ugi \u015awi\u0119tych dla narodu\u201d<\/strong><\/p>\n<p><strong>IV. J. E. Najprzew. Ks. J\u00d3ZEF TEODOROWICZ, Arcybiskup Metropolita Lwowski o. o. \u2014 Kazanie: \u201eCo to jest \u015awi\u0119ty ?\u201d<\/strong><\/p>\n<p><strong>V. J. E. Najprzew. Ks. Dr. J\u00d3ZEF SEBASTYAN PELCZAR, Biskup Przemyski o. \u0142. \u2014 Kazanie: \u201e\u017bywot b\u0142og. Jak\u00f3ba Strepy\u201d<\/strong><\/p>\n<p><strong>VI. Najprzew. Ks. Biskup KAROL J\u00d3ZEF FISCHER, Sufragan Przemyski \u2014 Kazanie: \u201eO czci Naj\u015bw. Sakramentu\u201d<\/strong><\/p>\n<p><strong>VII. Najprzew. Ks. Biskup Dr. W\u0141ADYS\u0141AW BANDURSKI, Sufragan Lwowski o. \u0142. \u2014 Referat: \u201eJak o\u017cywi\u0107 i podnie\u015b\u0107 kult b\u0142og. Jak\u00f3ba Strepy celem przyspieszenia Jego kanonizacyi\u201d<\/strong><\/p>\n<p><strong>VIII. Ks. Dr. ADAM GERSTMANN, Profesor Uniwersytetu Lwowskiego \u2014 Kazanie: \u201eMi\u0142osierdzie chrze\u015bcija\u0144skie\u201d<\/strong><\/p>\n<p><strong>IX. Ks. Dr. STEFAN MOMID\u0141OWSKI, Profesor \u015bw. Teologii w Przemy\u015blu \u2014 Kazanie: \u201eB\u0142. Jak\u00f3b Strepa wzorem obywatela \u2014 rozumna mi\u0142o\u015b\u0107 ojczyzny z wiary si\u0119 poczyna\u201d<\/strong><\/p>\n<p><strong>X. Ks. J\u00d3ZEF DZI\u0118DZIELEWICZ \u2014 Kazanie: \u201eB\u0142. Jak\u00f3b Strepa jako zakonnik\u201d<\/strong><\/p>\n<p><strong>XI. Ks. Dr. J\u00d3ZEF GAWORZEWSKl \u2014 Kazanie: \u201e Blog. Jak\u00f3b Strepa jako Biskup\u201d<\/strong><\/p>\n<p><strong>XII. O. ALFONS MARYA PTASZEK, Kustosz OO. Franciszkan\u00f3w \u2014 Kazanie: \u201eApostolstwo s\u0142owa i przyk\u0142adu\u201d<\/strong><\/p>\n<p><strong>XIII. O. STEFAN WAWRZKOWICZ, Franciszkanin \u2014 Kazanie: \u201eWielki mi\u0142o\u015bnik Boga i ludzi\u201d<\/strong><\/p>\n<p><strong>XIV. O. J\u00d3ZEF SZCZYREK, Franciszkanin \u2014 Kazanie: \u201eCze\u015b\u0107 Maryi\u201d<\/strong><\/p>\n<p><strong>XV. O. PEREGRYN HACZELA, Prowincya\u0142 OO. Franciszkan\u00f3w \u2014 Kazanie: \u201eCze\u015b\u0107 relikwii \u015awi\u0119tych w Ko\u015bciele i w Polsce\u201d<\/strong><\/p>\n<p><strong>SPIS ILUSTRACJI:<\/strong><\/p>\n<p><strong>&#8211; B\u0141OGOS\u0141AWIONY JAK\u00d3B STREPA Arcybiskup Lwowski<\/strong><\/p>\n<p><strong>&#8211; JE. NAJPRZEW. Ks. Dr. J\u00d3ZEF BILCZEWSKI Arcybiskup Metropolita Lwowski o. \u0142.<\/strong><\/p>\n<p><strong>&#8211; JE. NAJPRZEW. Ks. Dr. ANDRZEJ SZEPTYCKI Arcybiskup Metropolita o. gr.-kat.<\/strong><\/p>\n<p><strong>&#8211; JE. NAJPRZEW. Ks. J\u00d3ZEF TEODOROWICZ Arcybiskup Metropolita o. o.<\/strong><\/p>\n<p><strong>&#8211; JE. NAJPRZEW. Ks. Dr. J\u00d3ZEF SEBASTYAN PELCZAR Biskup Przemyski o. \u0142.<\/strong><\/p>\n<p><strong>&#8211; J. E. NAJPRZEW. Ks. KONSTANTY CZECHOWICZ Biskup Przemyski o. gr.-kat.<\/strong><\/p>\n<p><strong>&#8211; NAJPRZEW. Ks. Dr. LEON WA\u0141\u0118GA Biskup Tarnowski<\/strong><\/p>\n<p><strong>&#8211; NAJPRZEW. Ks. GRZEGORZ CHOMYSZYN Biskup Stanis\u0142awowski o. gr.-kat.<\/strong><\/p>\n<p><strong>&#8211; NAJPRZEW. Ks. ANATOL NOWAK Biskup Sufragan Krakowski<\/strong><\/p>\n<p><strong>&#8211; NAJPRZEW. Ks. KAROL J\u00d3ZEF FISCHER Biskup Sufragan Przemyski o. \u0142.<\/strong><\/p>\n<p><strong>&#8211; NAJPRZEW. Ks. Dr. W\u0141ADYS\u0141AW BANDURSKI Biskup Sufragan Lwowski o. \u0142.<\/strong><\/p>\n<p><strong>&#8211; Nowa trumienka srebrna, do kt\u00f3rej przeniesione zosta\u0142y Relikwie B\u0142og. Jak\u00f3ba Strepy w dniu 5. czerwca 1910 r.<\/strong><\/p>\n<p><strong>.<\/strong><\/p>\n<p><strong>[Z Wikipedii (fragmenty):<\/strong><\/p>\n<p><strong>Jakub Strzemi\u0119 (w\u0142a\u015bc. Jakub Strepa herbu Strzemi\u0119; ur. ok. 1340, zm. 20 pa\u017adziernika 1409) \u2212 arcybiskup halicki od 1391 roku, franciszkanin, b\u0142ogos\u0142awiony Ko\u015bcio\u0142a katolickiego.<\/strong><\/p>\n<p><strong>Jakub Strepa urodzi\u0142 si\u0119 na terenie diecezji krakowskiej. W m\u0142odo\u015bci wst\u0105pi\u0142 do zakonu franciszkan\u00f3w, pragn\u0105c by\u0107 misjonarzem na przy\u0142\u0105czonej ponownie do Polski przez kr\u00f3la Kazimierza Wielkiego Rusi Czerwonej. W 1375 roku zosta\u0142 wybrany prze\u0142o\u017conym Stowarzyszenia Braci Pielgrzymuj\u0105cych dla Chrystusa, kt\u00f3re skupia\u0142o dominikan\u00f3w i franciszkan\u00f3w, prowadz\u0105cych misj\u0119 ewangelizacyjne na Rusi i w Mo\u0142dawii. W latach 1385-1388 by\u0142 gwardianem franciszka\u0144skiego klasztoru \u015awi\u0119tego Krzy\u017ca we Lwowie. Kiedy dosz\u0142o do konfliktu mi\u0119dzy arcybiskupem Halicza Bernardem a magistratem Lwowa, Jakub jako po\u015brednik stara\u0142 si\u0119 za\u0142agodzi\u0107 powsta\u0142y sp\u00f3r.<\/strong><\/p>\n<p><strong>W czerwcu 1391 roku zosta\u0142 arcybiskupem halickim. By\u0142 bliskim wsp\u00f3\u0142pracownikiem Jadwigi Andegawe\u0144skiej i W\u0142adys\u0142awa Jagie\u0142\u0142y w akcji chrystianizacyjnej na Litwie. Prawdopodobnie uko\u0144czy\u0142 studia na uniwersytecie w Rzymie, ale tytu\u0142u naukowego nie u\u017cywa\u0142. By\u0142 propagatorem wewn\u0119trznej reformy Ko\u015bcio\u0142a. Nie zabiega\u0142 o maj\u0105tki dla Ko\u015bcio\u0142a, lecz bardzo pilnowa\u0142 poziomu pracy duszpasterskiej. Wizytuj\u0105c sw\u0105 rozleg\u0142\u0105 archidiecezj\u0119 i chc\u0105c mie\u0107 lepsze rozeznanie w sytuacji, zasi\u0119ga\u0142 rady miejscowych proboszcz\u00f3w czy te\u017c prze\u0142o\u017conych klasztor\u00f3w. Pozostawa\u0142 w kontakcie z biskupem przemyskim Maciejem oraz reformatorem Mateuszem z Krakowa.<\/strong><\/p>\n<p><strong>W 1909 zosta\u0142 patronem archidiecezji lwowskiej i Lwowa.<\/strong><\/p>\n<p><strong>W Polsce jest patronem diecezji zamojsko-lubaczowskiej i konkatedry w Lubaczowie oraz \u2013 od 1910 roku \u2013 wsp\u00f3\u0142patronem (obok \u015bw. Antoniego z Padwy) krakowskiej prowincji franciszkan\u00f3w (OFMConv).\u00a0Jego wspomnienie obchodzone jest w polskich diecezjach 21 pa\u017adziernika.<\/strong><\/p>\n<p><strong>Relikwiarzyk Jakuba Strepy wykona\u0142 do 1910 Tadeusz B\u0142otnicki. Wiosn\u0105 1901 relikwie przeniesiono z ko\u015bcio\u0142a oo. franciszkan\u00f3w we Lwowie do tamtejszej katedry \u0142aci\u0144skiej. Po II wojnie \u015bwiatowej, do 1966 roku, relikwie b\u0142. Jakuba znajdowa\u0142y si\u0119 w katedrze tarnowskiej, po czym przeniesiono je do Lubaczowa.<\/strong><\/p>\n<p><strong>W poczet b\u0142ogos\u0142awionych zaliczy\u0142 go papie\u017c Pius VI we wrze\u015bniu 1790 roku]<\/strong><\/p>\n<p><strong>.<\/strong><\/p>\n<p><strong>Opis oferowanego egzemplarza.<\/strong><\/p>\n<p><strong>Po 116 latach od wydania i przetrwaniu dw\u00f3ch wojen \u015bwiatowych oferowany egzemplarz jest w stanie jak na fot. do aukcji. Ma\u0142y ubytek oryginalnej broszurowej przedniej ok\u0142adki (u g\u00f3ry). Na tylnej ok\u0142adce nalepka. Wewn\u0105trz niewielkie miejscowe zaplamienia. Karty oryginalnie nier\u00f3wno przyci\u0119te w drukarni. Pierwsza ilustracja (na wklejce) odwrotnie wklejona w drukarni ! Cz\u0119\u015b\u0107 kart r\u0119cznie i niezbyt r\u00f3wno rozci\u0119tych (z miejscowymi pojedynczymi naddarciami jak wida\u0107 np. na stronie ze spisem rzeczy). Egzemplarz wygl\u0105da na nieczytany (wiele kart nierozci\u0119tych), miejscowo przegl\u0105dany.<\/strong><\/p>\n","protected":false},"excerpt":{"rendered":"<p><strong>Doch\u00f3d przeznaczony na kanonizacy\u0119 b\u0142. Jak\u00f3ba Strepy<\/strong><\/p>\n<p><strong>We Lwowie, R. 1910 &#8211; Nak\u0142adem OO. Franciszkan\u00f3w<\/strong><\/p>\n<p><strong>Drukarnia \u201ePolonia\u201d pod zarz\u0105dem J. Raczy\u0144skiego<\/strong><\/p>\n<p><strong>Stron XVI + 208 + wkl. ilustracyjne (wklejki ilustracyjne &#8211; druk na papierze kredowym), oryginalna broszurowa oprawa wydawnicza z epoki, format ok. 22 cm x 14,5 cm.<\/strong><\/p>\n","protected":false},"featured_media":6917,"template":"","meta":{"_acf_changed":false},"product_brand":[],"product_cat":[74,246,141,133,203,44,199,346,53,303],"product_tag":[1291,2509,2510,2508,1535,2099,1292,411,2507,2506,2511,677,845,1529,1882,920,396,877,750,2512,2101,1796],"class_list":{"0":"post-6916","1":"product","2":"type-product","3":"status-publish","4":"has-post-thumbnail","6":"product_cat-d","7":"product_cat-biografie-wspomnienia","8":"product_cat-fitness-diet","9":"product_cat-advice-on-parenting","10":"product_cat-kresoviana","11":"product_cat-biographies-memoirs","12":"product_cat-regionalistyka","13":"product_cat-religia-christian-books-bibles","14":"product_cat-christian-books-bibles","15":"product_cat-wspomnienia-pamietniki","16":"product_tag-1291","17":"product_tag-2509","18":"product_tag-arcybiskup","19":"product_tag-blogoslawiony","20":"product_tag-cegielka","21":"product_tag-duchowni","22":"product_tag-franciszkanie","23":"product_tag-historia","24":"product_tag-jakob-strepa","25":"product_tag-jakub-strzemie","26":"product_tag-kanonizacja","27":"product_tag-kosciol","28":"product_tag-kresy","29":"product_tag-ksieza","30":"product_tag-lwow","31":"product_tag-pamiatka","32":"product_tag-polska","33":"product_tag-religia","34":"product_tag-sredniowiecze","35":"product_tag-uroczystosci","36":"product_tag-zakonnicy","37":"product_tag-zakony","38":"pa_rok-wydania-2505","40":"first","41":"instock","42":"featured","43":"sold-individually","44":"taxable","45":"shipping-taxable","46":"purchasable","47":"product-type-simple"},"acf":[],"_links":{"self":[{"href":"https:\/\/ekodeks.com.pl\/sklep\/wp-json\/wp\/v2\/product\/6916","targetHints":{"allow":["GET"]}}],"collection":[{"href":"https:\/\/ekodeks.com.pl\/sklep\/wp-json\/wp\/v2\/product"}],"about":[{"href":"https:\/\/ekodeks.com.pl\/sklep\/wp-json\/wp\/v2\/types\/product"}],"wp:featuredmedia":[{"embeddable":true,"href":"https:\/\/ekodeks.com.pl\/sklep\/wp-json\/wp\/v2\/media\/6917"}],"wp:attachment":[{"href":"https:\/\/ekodeks.com.pl\/sklep\/wp-json\/wp\/v2\/media?parent=6916"}],"wp:term":[{"taxonomy":"product_brand","embeddable":true,"href":"https:\/\/ekodeks.com.pl\/sklep\/wp-json\/wp\/v2\/product_brand?post=6916"},{"taxonomy":"product_cat","embeddable":true,"href":"https:\/\/ekodeks.com.pl\/sklep\/wp-json\/wp\/v2\/product_cat?post=6916"},{"taxonomy":"product_tag","embeddable":true,"href":"https:\/\/ekodeks.com.pl\/sklep\/wp-json\/wp\/v2\/product_tag?post=6916"}],"curies":[{"name":"wp","href":"https:\/\/api.w.org\/{rel}","templated":true}]}}